{"id":178,"date":"2022-11-20T05:10:04","date_gmt":"2022-11-20T05:10:04","guid":{"rendered":"https:\/\/kladoswinery.gr\/deutsch\/?page_id=178"},"modified":"2026-02-10T09:13:50","modified_gmt":"2026-02-10T07:13:50","slug":"pink-blackbird","status":"publish","type":"page","link":"https:\/\/kladoswinery.gr\/deutsch\/pink-blackbird\/","title":{"rendered":"Pink Blackbird"},"content":{"rendered":"\n<figure class=\"wp-block-image alignwide size-large\"><img loading=\"lazy\" decoding=\"async\" width=\"1024\" height=\"453\" src=\"https:\/\/kladoswinery.gr\/deutsch\/wp-content\/uploads\/2022\/12\/pink_blackbird_klados_1920_850-1024x453.jpg\" alt=\"\" class=\"wp-image-1339\" srcset=\"https:\/\/kladoswinery.gr\/deutsch\/wp-content\/uploads\/2022\/12\/pink_blackbird_klados_1920_850-1024x453.jpg 1024w, https:\/\/kladoswinery.gr\/deutsch\/wp-content\/uploads\/2022\/12\/pink_blackbird_klados_1920_850-300x133.jpg 300w, https:\/\/kladoswinery.gr\/deutsch\/wp-content\/uploads\/2022\/12\/pink_blackbird_klados_1920_850-768x340.jpg 768w, https:\/\/kladoswinery.gr\/deutsch\/wp-content\/uploads\/2022\/12\/pink_blackbird_klados_1920_850-1536x680.jpg 1536w, https:\/\/kladoswinery.gr\/deutsch\/wp-content\/uploads\/2022\/12\/pink_blackbird_klados_1920_850-500x221.jpg 500w, https:\/\/kladoswinery.gr\/deutsch\/wp-content\/uploads\/2022\/12\/pink_blackbird_klados_1920_850-800x354.jpg 800w, https:\/\/kladoswinery.gr\/deutsch\/wp-content\/uploads\/2022\/12\/pink_blackbird_klados_1920_850-1280x567.jpg 1280w, https:\/\/kladoswinery.gr\/deutsch\/wp-content\/uploads\/2022\/12\/pink_blackbird_klados_1920_850.jpg 1920w\" sizes=\"auto, (max-width: 1024px) 100vw, 1024px\" \/><\/figure>\n\n\n\n<div style=\"height:30px\" aria-hidden=\"true\" class=\"wp-block-spacer\"><\/div>\n\n\n\n<div class=\"wp-block-columns is-layout-flex wp-container-core-columns-is-layout-9d6595d7 wp-block-columns-is-layout-flex\">\n<div class=\"wp-block-column is-layout-flow wp-block-column-is-layout-flow\"><\/div>\n\n\n\n<div class=\"wp-block-column is-layout-flow wp-block-column-is-layout-flow\" style=\"flex-basis:50%\">\n<p class=\"has-text-align-center\">Produktname: <br><strong>Pink Blackbird<br><\/strong><br>Sorte: Kotsifali<br>Kategorie: P.G.I. Kreta<br>Jahrgang: 2025<br>Alterung: 2 Jahre<br>Volumen: 13.5 % vol \/ S\u00e4ure: 6.12 g\/l \/ pH: 3,29<br>Restzucker: 1.5 g\/l<br>Weinberg: Peza Heraklion<br>Boden: Lehm<br>H\u00f6he: 400 m<br>Alter: 16 Jahre<br>Fl\u00e4chenertrag: 11 tn\/ha<\/p>\n<\/div>\n\n\n\n<div class=\"wp-block-column is-layout-flow wp-block-column-is-layout-flow\"><\/div>\n<\/div>\n\n\n\n<div class=\"wp-block-columns is-layout-flex wp-container-core-columns-is-layout-9d6595d7 wp-block-columns-is-layout-flex\">\n<div class=\"wp-block-column is-layout-flow wp-block-column-is-layout-flow\">\n<p class=\"has-text-align-center has-medium-font-size\" style=\"letter-spacing:8px\">REBSORTE<\/p>\n\n\n\n<p class=\"has-text-align-center\">Kotsifali:<\/p>\n\n\n\n<p class=\"has-text-align-center\">Die rote Sorte der kretischen Weinberge.<br>Sie bestimmt den Charakter vieler trockener Rotweine in der Region der s\u00fcdlichen \u00c4g\u00e4is.<br>und zeichnet sich durch Pflaumenaroma und Sanftheit aus. <br>Die fleischige Kotsifali-Traube, das \u00c4quivalent zum kretischer Merlot, wird zur sortenreinen Vinifizierung zunehmend genutzt. <br>Sie ist auch in Mischungen zu finden z.B. mit Mandilari und Syrah.<\/p>\n\n\n\n<p class=\"has-text-align-center has-medium-font-size\" style=\"letter-spacing:8px\">WEINBEREITUNG<\/p>\n\n\n\n<p class=\"has-text-align-center\">Die Traube wird zwischen dem 1. und 10. September von Hand gelesen. Der Most bleibt f\u00fcr 2 Stunden in Kontakt mit dem Fruchtfleisch um ein weiches Rosa zu erreichen. <br>Die klassische Ros\u00e9-Vinifikation findet in Edelstahltanks bei einer kontrollierten Temperatur von 15\u00b0C \u2013 18\u00b0C statt.<br>Nach Abschlu\u00df des G\u00e4rungsprozesses wird der Wein dekantiert und reift f\u00fcr die Dauer von vier Monaten unter optimalen Bedingungen.<\/p>\n<\/div>\n\n\n\n<div class=\"wp-block-column is-layout-flow wp-block-column-is-layout-flow\" style=\"flex-basis:33%\"><div class=\"wp-block-image\">\n<figure class=\"aligncenter size-full\"><img loading=\"lazy\" decoding=\"async\" width=\"520\" height=\"1200\" src=\"https:\/\/kladoswinery.gr\/deutsch\/wp-content\/uploads\/2022\/11\/pin_blackbird_klados_1200.png\" alt=\"\" class=\"wp-image-281\" srcset=\"https:\/\/kladoswinery.gr\/deutsch\/wp-content\/uploads\/2022\/11\/pin_blackbird_klados_1200.png 520w, https:\/\/kladoswinery.gr\/deutsch\/wp-content\/uploads\/2022\/11\/pin_blackbird_klados_1200-130x300.png 130w, https:\/\/kladoswinery.gr\/deutsch\/wp-content\/uploads\/2022\/11\/pin_blackbird_klados_1200-444x1024.png 444w, https:\/\/kladoswinery.gr\/deutsch\/wp-content\/uploads\/2022\/11\/pin_blackbird_klados_1200-500x1154.png 500w\" sizes=\"auto, (max-width: 520px) 100vw, 520px\" \/><\/figure>\n<\/div><\/div>\n\n\n\n<div class=\"wp-block-column is-layout-flow wp-block-column-is-layout-flow\">\n<p class=\"has-text-align-center has-medium-font-size\" style=\"letter-spacing:5px\">ORGANOLEPTISCHE<br>BESCHREIBUNG<\/p>\n\n\n\n<p class=\"has-text-align-center\">Zartrosa Farbe. Komplexe Aromen von roten Fr\u00fcchten wie Erdbeere, Zitrusfr\u00fcchte und Bl\u00fctenduft vervollst\u00e4ndigen den Wein. <br>Der fruchtige Geschmack gepaart mit der intensiven Frische und die knackige S\u00e4ure sind im Mund bemerkenswert. <br>Der Nachgeschmack ist intensiv und langanhaltend. <br>Serviert bei 9\u00b0 C \u2013 11 \u00b0C die perfekte Begleitung zu Meeresfr\u00fcchten, kretischer K\u00fcche, gef\u00fcllten Tomaten, Dakos, Pasta und eine Auswahl von K\u00e4se.<\/p>\n\n\n\n<p class=\"has-text-align-center has-medium-font-size\" style=\"letter-spacing:8px\">ETIKETT<\/p>\n\n\n\n<p class=\"has-text-align-center\">The Pink Blackbird:<br>Die Sorte Kotsifali reift fr\u00fch und ist die bevorzugte Speise der Amsel, von der sie ihren Namen hat.<br>BLACKBIRD<\/p>\n\n\n\n<h5 class=\"wp-block-heading has-text-align-center has-neve-link-color-color has-text-color has-medium-font-size\"><br><a href=\"https:\/\/kladoswinery.gr\/deutsch\/wp-content\/uploads\/2022\/11\/klados_Blackbird.pdf\" data-type=\"attachment\" data-id=\"493\" target=\"_blank\" rel=\"noreferrer noopener\">Datenblatt 2021 <\/a><i class=\"far fa-file-pdf\"><\/i><\/h5>\n\n\n\n<p class=\"has-text-align-center has-medium-font-size\"><a href=\"https:\/\/kladoswinery.gr\/deutsch\/wp-content\/uploads\/2023\/01\/klados_Blackbird_22_de.pdf\" data-type=\"attachment\" data-id=\"1846\" target=\"_blank\" rel=\"noreferrer noopener\">Datenblatt 2022 <i class=\"far fa-file-pdf\"><\/i><\/a><\/p>\n\n\n\n<p class=\"has-text-align-center has-medium-font-size\"><a href=\"https:\/\/kladoswinery.gr\/deutsch\/wp-content\/uploads\/2024\/03\/klados_Blackbird_23_de.pdf\" target=\"_blank\" rel=\"noreferrer noopener\">Datenblatt 2023 <span class=\"wp-rich-text-font-awesome-icon wp-font-awesome-icon\"><svg aria-hidden=\"true\" focusable=\"false\" data-prefix=\"far\" data-icon=\"file-pdf\" class=\"svg-inline--fa fa-file-pdf \" role=\"img\" xmlns=\"http:\/\/www.w3.org\/2000\/svg\" viewBox=\"0 0 384 512\"><path fill=\"currentColor\" d=\"M320 464C328.8 464 336 456.8 336 448V416H384V448C384 483.3 355.3 512 320 512H64C28.65 512 0 483.3 0 448V416H48V448C48 456.8 55.16 464 64 464H320zM256 160C238.3 160 224 145.7 224 128V48H64C55.16 48 48 55.16 48 64V192H0V64C0 28.65 28.65 0 64 0H229.5C246.5 0 262.7 6.743 274.7 18.75L365.3 109.3C377.3 121.3 384 137.5 384 154.5V192H336V160H256zM88 224C118.9 224 144 249.1 144 280C144 310.9 118.9 336 88 336H80V368C80 376.8 72.84 384 64 384C55.16 384 48 376.8 48 368V240C48 231.2 55.16 224 64 224H88zM112 280C112 266.7 101.3 256 88 256H80V304H88C101.3 304 112 293.3 112 280zM160 240C160 231.2 167.2 224 176 224H200C226.5 224 248 245.5 248 272V336C248 362.5 226.5 384 200 384H176C167.2 384 160 376.8 160 368V240zM192 352H200C208.8 352 216 344.8 216 336V272C216 263.2 208.8 256 200 256H192V352zM336 224C344.8 224 352 231.2 352 240C352 248.8 344.8 256 336 256H304V288H336C344.8 288 352 295.2 352 304C352 312.8 344.8 320 336 320H304V368C304 376.8 296.8 384 288 384C279.2 384 272 376.8 272 368V240C272 231.2 279.2 224 288 224H336z\"><\/path><\/svg><\/span><\/a><\/p>\n\n\n\n<p class=\"has-text-align-center has-medium-font-size\"><a href=\"https:\/\/kladoswinery.gr\/deutsch\/wp-content\/uploads\/2025\/03\/klados_Blackbird_24_de-1.pdf\" target=\"_blank\" rel=\"noreferrer noopener\">Datenblatt 2024<\/a> <a href=\"https:\/\/kladoswinery.gr\/deutsch\/wp-content\/uploads\/2025\/03\/klados_Blackbird_24_de-1.pdf\" target=\"_blank\" rel=\"noreferrer noopener\"><span class=\"wp-rich-text-font-awesome-icon wp-font-awesome-icon\"><svg aria-hidden=\"true\" focusable=\"false\" data-prefix=\"far\" data-icon=\"file-pdf\" class=\"svg-inline--fa fa-file-pdf \" role=\"img\" xmlns=\"http:\/\/www.w3.org\/2000\/svg\" viewBox=\"0 0 384 512\"><path fill=\"currentColor\" d=\"M320 464C328.8 464 336 456.8 336 448V416H384V448C384 483.3 355.3 512 320 512H64C28.65 512 0 483.3 0 448V416H48V448C48 456.8 55.16 464 64 464H320zM256 160C238.3 160 224 145.7 224 128V48H64C55.16 48 48 55.16 48 64V192H0V64C0 28.65 28.65 0 64 0H229.5C246.5 0 262.7 6.743 274.7 18.75L365.3 109.3C377.3 121.3 384 137.5 384 154.5V192H336V160H256zM88 224C118.9 224 144 249.1 144 280C144 310.9 118.9 336 88 336H80V368C80 376.8 72.84 384 64 384C55.16 384 48 376.8 48 368V240C48 231.2 55.16 224 64 224H88zM112 280C112 266.7 101.3 256 88 256H80V304H88C101.3 304 112 293.3 112 280zM160 240C160 231.2 167.2 224 176 224H200C226.5 224 248 245.5 248 272V336C248 362.5 226.5 384 200 384H176C167.2 384 160 376.8 160 368V240zM192 352H200C208.8 352 216 344.8 216 336V272C216 263.2 208.8 256 200 256H192V352zM336 224C344.8 224 352 231.2 352 240C352 248.8 344.8 256 336 256H304V288H336C344.8 288 352 295.2 352 304C352 312.8 344.8 320 336 320H304V368C304 376.8 296.8 384 288 384C279.2 384 272 376.8 272 368V240C272 231.2 279.2 224 288 224H336z\"><\/path><\/svg><\/span><\/a><\/p>\n\n\n\n<p class=\"has-text-align-center has-medium-font-size\"><a href=\"https:\/\/kladoswinery.gr\/deutsch\/wp-content\/uploads\/2026\/02\/klados_Blackbird_25_de.pdf\" target=\"_blank\" rel=\"noreferrer noopener\">Datenblatt 2025 <span class=\"wp-rich-text-font-awesome-icon wp-font-awesome-icon\"><svg aria-hidden=\"true\" focusable=\"false\" data-prefix=\"far\" data-icon=\"file-pdf\" class=\"svg-inline--fa fa-file-pdf \" role=\"img\" xmlns=\"http:\/\/www.w3.org\/2000\/svg\" viewBox=\"0 0 384 512\"><path fill=\"currentColor\" d=\"M320 464C328.8 464 336 456.8 336 448V416H384V448C384 483.3 355.3 512 320 512H64C28.65 512 0 483.3 0 448V416H48V448C48 456.8 55.16 464 64 464H320zM256 160C238.3 160 224 145.7 224 128V48H64C55.16 48 48 55.16 48 64V192H0V64C0 28.65 28.65 0 64 0H229.5C246.5 0 262.7 6.743 274.7 18.75L365.3 109.3C377.3 121.3 384 137.5 384 154.5V192H336V160H256zM88 224C118.9 224 144 249.1 144 280C144 310.9 118.9 336 88 336H80V368C80 376.8 72.84 384 64 384C55.16 384 48 376.8 48 368V240C48 231.2 55.16 224 64 224H88zM112 280C112 266.7 101.3 256 88 256H80V304H88C101.3 304 112 293.3 112 280zM160 240C160 231.2 167.2 224 176 224H200C226.5 224 248 245.5 248 272V336C248 362.5 226.5 384 200 384H176C167.2 384 160 376.8 160 368V240zM192 352H200C208.8 352 216 344.8 216 336V272C216 263.2 208.8 256 200 256H192V352zM336 224C344.8 224 352 231.2 352 240C352 248.8 344.8 256 336 256H304V288H336C344.8 288 352 295.2 352 304C352 312.8 344.8 320 336 320H304V368C304 376.8 296.8 384 288 384C279.2 384 272 376.8 272 368V240C272 231.2 279.2 224 288 224H336z\"><\/path><\/svg><\/span><\/a><\/p>\n<\/div>\n<\/div>\n\n\n\n<div class=\"wp-block-columns is-not-stacked-on-mobile is-layout-flex wp-container-core-columns-is-layout-9d6595d7 wp-block-columns-is-layout-flex\">\n<div class=\"wp-block-column is-layout-flow wp-block-column-is-layout-flow\"><div class=\"wp-block-image\">\n<figure class=\"aligncenter size-full\"><a href=\"https:\/\/kladoswinery.gr\/deutsch\/?page_id=232\"><img loading=\"lazy\" decoding=\"async\" width=\"43\" height=\"150\" src=\"https:\/\/kladoswinery.gr\/deutsch\/wp-content\/uploads\/2022\/12\/klados_her_king_150.png\" alt=\"\" class=\"wp-image-1004\"\/><\/a><\/figure>\n<\/div><\/div>\n\n\n\n<div class=\"wp-block-column is-layout-flow wp-block-column-is-layout-flow\"><\/div>\n\n\n\n<div class=\"wp-block-column is-layout-flow wp-block-column-is-layout-flow\"><div class=\"wp-block-image\">\n<figure class=\"aligncenter size-full\"><a href=\"https:\/\/kladoswinery.gr\/deutsch\/the-hunter\/\"><img loading=\"lazy\" decoding=\"async\" width=\"44\" height=\"152\" src=\"https:\/\/kladoswinery.gr\/deutsch\/wp-content\/uploads\/2024\/02\/the_hunter_44x150.png\" alt=\"\" class=\"wp-image-2159\"\/><\/a><\/figure>\n<\/div><\/div>\n<\/div>\n","protected":false},"excerpt":{"rendered":"<p>Produktname: Pink BlackbirdSorte: KotsifaliKategorie: P.G.I. KretaJahrgang: 2025Alterung: 2 JahreVolumen: 13.5 % vol \/ S\u00e4ure: 6.12 g\/l \/ pH: 3,29Restzucker: 1.5 g\/lWeinberg: Peza HeraklionBoden: LehmH\u00f6he: 400 mAlter: 16 JahreFl\u00e4chenertrag: 11 tn\/ha REBSORTE Kotsifali: Die rote Sorte der kretischen Weinberge.Sie bestimmt den Charakter vieler trockener Rotweine in der Region der s\u00fcdlichen \u00c4g\u00e4is.und zeichnet sich durch Pflaumenaroma und&hellip;&nbsp;<a href=\"https:\/\/kladoswinery.gr\/deutsch\/pink-blackbird\/\" rel=\"bookmark\">Weiterlesen &raquo;<span class=\"screen-reader-text\">Pink Blackbird<\/span><\/a><\/p>\n","protected":false},"author":1,"featured_media":0,"parent":0,"menu_order":0,"comment_status":"closed","ping_status":"closed","template":"","meta":{"neve_meta_sidebar":"","neve_meta_container":"","neve_meta_enable_content_width":"","neve_meta_content_width":0,"neve_meta_title_alignment":"","neve_meta_author_avatar":"","neve_post_elements_order":"","neve_meta_disable_header":"","neve_meta_disable_footer":"","neve_meta_disable_title":"on","footnotes":""},"class_list":["post-178","page","type-page","status-publish","hentry"],"_links":{"self":[{"href":"https:\/\/kladoswinery.gr\/deutsch\/wp-json\/wp\/v2\/pages\/178","targetHints":{"allow":["GET"]}}],"collection":[{"href":"https:\/\/kladoswinery.gr\/deutsch\/wp-json\/wp\/v2\/pages"}],"about":[{"href":"https:\/\/kladoswinery.gr\/deutsch\/wp-json\/wp\/v2\/types\/page"}],"author":[{"embeddable":true,"href":"https:\/\/kladoswinery.gr\/deutsch\/wp-json\/wp\/v2\/users\/1"}],"replies":[{"embeddable":true,"href":"https:\/\/kladoswinery.gr\/deutsch\/wp-json\/wp\/v2\/comments?post=178"}],"version-history":[{"count":80,"href":"https:\/\/kladoswinery.gr\/deutsch\/wp-json\/wp\/v2\/pages\/178\/revisions"}],"predecessor-version":[{"id":2725,"href":"https:\/\/kladoswinery.gr\/deutsch\/wp-json\/wp\/v2\/pages\/178\/revisions\/2725"}],"wp:attachment":[{"href":"https:\/\/kladoswinery.gr\/deutsch\/wp-json\/wp\/v2\/media?parent=178"}],"curies":[{"name":"wp","href":"https:\/\/api.w.org\/{rel}","templated":true}]}}