{"id":2139,"date":"2024-02-25T09:06:35","date_gmt":"2024-02-25T07:06:35","guid":{"rendered":"https:\/\/kladoswinery.gr\/deutsch\/?page_id=2139"},"modified":"2026-02-10T09:15:20","modified_gmt":"2026-02-10T07:15:20","slug":"the-hunter","status":"publish","type":"page","link":"https:\/\/kladoswinery.gr\/deutsch\/the-hunter\/","title":{"rendered":"The Hunter"},"content":{"rendered":"<div class=\"wp-block-image\">\n<figure class=\"aligncenter size-full\"><img loading=\"lazy\" decoding=\"async\" width=\"1920\" height=\"1047\" src=\"https:\/\/kladoswinery.gr\/deutsch\/wp-content\/uploads\/2024\/02\/TheHunter_klados.jpg\" alt=\"\" class=\"wp-image-2156\" style=\"aspect-ratio:16\/9;object-fit:cover\" srcset=\"https:\/\/kladoswinery.gr\/deutsch\/wp-content\/uploads\/2024\/02\/TheHunter_klados.jpg 1920w, https:\/\/kladoswinery.gr\/deutsch\/wp-content\/uploads\/2024\/02\/TheHunter_klados-300x164.jpg 300w, https:\/\/kladoswinery.gr\/deutsch\/wp-content\/uploads\/2024\/02\/TheHunter_klados-1024x558.jpg 1024w, https:\/\/kladoswinery.gr\/deutsch\/wp-content\/uploads\/2024\/02\/TheHunter_klados-768x419.jpg 768w, https:\/\/kladoswinery.gr\/deutsch\/wp-content\/uploads\/2024\/02\/TheHunter_klados-1536x838.jpg 1536w, https:\/\/kladoswinery.gr\/deutsch\/wp-content\/uploads\/2024\/02\/TheHunter_klados-500x273.jpg 500w, https:\/\/kladoswinery.gr\/deutsch\/wp-content\/uploads\/2024\/02\/TheHunter_klados-800x436.jpg 800w, https:\/\/kladoswinery.gr\/deutsch\/wp-content\/uploads\/2024\/02\/TheHunter_klados-1280x698.jpg 1280w\" sizes=\"auto, (max-width: 1920px) 100vw, 1920px\" \/><\/figure>\n<\/div>\n\n\n<div class=\"wp-block-columns is-layout-flex wp-container-core-columns-is-layout-9d6595d7 wp-block-columns-is-layout-flex\">\n<div class=\"wp-block-column is-layout-flow wp-block-column-is-layout-flow\">\n<p class=\"has-text-align-center\"><br>Produktname: <br><strong>The Hunter<\/strong><br>Sorte: Kotsifali <br>Kategorie: Rebsortenwein von Kreta <br>Jahrgang: 2024 <br>Reifung: 3-4 Jahre <br>Volumen: 13,5% vol \/ S\u00e4ure: 5.27 g\/l \/ pH: 3.47 <br>Restzucker: 0,5 g\/l <br>Weinberg: Mades<br>H\u00f6he: 300 m <br>Alter: 5 Jahre<br>Area Yield: 9 tn\/ha<\/p>\n\n\n\n<div class=\"wp-block-columns is-layout-flex wp-container-core-columns-is-layout-9d6595d7 wp-block-columns-is-layout-flex\">\n<div class=\"wp-block-column is-layout-flow wp-block-column-is-layout-flow\">\n<p class=\"has-text-align-center\">S O R T E<\/p>\n\n\n\n<p class=\"has-text-align-center\">Kotsifali:<br>Das rote Wahrzeichen des<br>kretischen Weinbergs.<br>Diese Sorte<br>bestimmt den Charakter<br>vieler trockener Rotweine im<br>Weinbau der s\u00fcdlichen \u00c4g\u00e4is.<br>Sanftheit und Charakter &#8211;<br>mit dem Duft von Pflaumen.<br>Die fleischige Kotsifali-Traube,<br>entspricht dem kretischen Merlot und wird in letzter Zeit<br>zunehmend in reinsortiger Weinbereitung genutzt und ist auch in Mischungen mit Mandilari und Syrah zu finden.<\/p>\n\n\n\n<p class=\"has-text-align-center\">V I N I F I K A T I O N<\/p>\n\n\n\n<p class=\"has-text-align-center\">Die Trauben werden zwischen dem 1. und 7. September von Hand geerntet. Der Most durchl\u00e4uft eine klassische Rotweinbereitung bei 16\u00b0 -20\u00b0C.<br>Anschlie\u00dfend erfolgt eine Mazeration f\u00fcr 5 bis 7 Tage und die Trennung des Traubentresters vom vergorenen Wein. <br>Wenn die G\u00e4rung<br>abgeschlossen ist wird der Wein<br>dekantiert und reift 4 Monate unter optimalen Bedingungen.<\/p>\n<\/div>\n\n\n\n<div class=\"wp-block-column is-vertically-aligned-top is-layout-flow wp-block-column-is-layout-flow\"><div class=\"wp-block-image\">\n<figure class=\"aligncenter size-full\"><img loading=\"lazy\" decoding=\"async\" width=\"225\" height=\"777\" src=\"https:\/\/kladoswinery.gr\/deutsch\/wp-content\/uploads\/2024\/02\/hunter_225x777.png\" alt=\"\" class=\"wp-image-2135\" srcset=\"https:\/\/kladoswinery.gr\/deutsch\/wp-content\/uploads\/2024\/02\/hunter_225x777.png 225w, https:\/\/kladoswinery.gr\/deutsch\/wp-content\/uploads\/2024\/02\/hunter_225x777-87x300.png 87w\" sizes=\"auto, (max-width: 225px) 100vw, 225px\" \/><\/figure>\n<\/div><\/div>\n\n\n\n<div class=\"wp-block-column is-layout-flow wp-block-column-is-layout-flow\">\n<p class=\"has-text-align-center\">O R G A N O L E P T I S C H E  <br>B E S C H R E I B U N G<br><br>Helle rubinrote Farbe. <br>Fruchtiges Aroma von<br>Kirsche, Erdbeere, Sauerkirsche und Trockenblumen. <br>Ein runder und fruchtiger Mund mit einer perfekten Balance von Alkohol,<br>S\u00e4ure und Tanninen.<br>Bei 12-13\u00b0 C serviert<br>die perfekte Begleitung<br>zu kretischer K\u00fcche, Nudelgerichten, Meeresfr\u00fcchten und einer<br>Auswahl an K\u00e4se.<\/p>\n\n\n\n<p class=\"has-text-align-center\">L A B E L<\/p>\n\n\n\n<p class=\"has-text-align-center\">Der J\u00e4ger, Geist des Falken in einer<br>nicht ganz ernst gemeinten Darstellung!<br>Sein Talent ist eher der Schutz der<br>Traubenernte als seine Beute zu suchen,<br>die sich seinem wachsamen<br>Auge sicher entzieht.<\/p>\n\n\n\n<p class=\"has-text-align-center has-medium-font-size\"><a href=\"https:\/\/kladoswinery.gr\/deutsch\/wp-content\/uploads\/2024\/03\/klados_the_hunter_23_de.pdf\" target=\"_blank\" rel=\"noreferrer noopener\">Datenblatt 2023 <i class=\"far fa-file-pdf\"><\/i><\/a><\/p>\n\n\n\n<p class=\"has-text-align-center has-medium-font-size\"><a href=\"https:\/\/kladoswinery.gr\/deutsch\/wp-content\/uploads\/2026\/02\/klados_the_hunter_25_de-1.pdf\" target=\"_blank\" rel=\"noreferrer noopener\">Datenblatt 2024 <i class=\"far fa-file-pdf\"><\/i><\/a><\/p>\n<\/div>\n<\/div>\n<\/div>\n<\/div>\n\n\n\n<div style=\"height:30px\" aria-hidden=\"true\" class=\"wp-block-spacer\"><\/div>\n\n\n\n<div class=\"wp-block-columns is-not-stacked-on-mobile is-layout-flex wp-container-core-columns-is-layout-9d6595d7 wp-block-columns-is-layout-flex\">\n<div class=\"wp-block-column is-layout-flow wp-block-column-is-layout-flow\"><div class=\"wp-block-image\">\n<figure class=\"aligncenter size-full\"><a href=\"https:\/\/kladoswinery.gr\/deutsch\/pink-blackbird\/\"><img loading=\"lazy\" decoding=\"async\" width=\"44\" height=\"150\" src=\"https:\/\/kladoswinery.gr\/deutsch\/wp-content\/uploads\/2022\/12\/klados_pink_black_bird_150.png\" alt=\"\" class=\"wp-image-1001\"\/><\/a><\/figure>\n<\/div><\/div>\n\n\n\n<div class=\"wp-block-column is-layout-flow wp-block-column-is-layout-flow\"><\/div>\n\n\n\n<div class=\"wp-block-column is-layout-flow wp-block-column-is-layout-flow\"><div class=\"wp-block-image\">\n<figure class=\"aligncenter size-full\"><a href=\"https:\/\/kladoswinery.gr\/deutsch\/white-diva\/\"><img loading=\"lazy\" decoding=\"async\" width=\"44\" height=\"150\" src=\"https:\/\/kladoswinery.gr\/deutsch\/wp-content\/uploads\/2022\/12\/white_diva_150.png\" alt=\"\" class=\"wp-image-1003\"\/><\/a><\/figure>\n<\/div><\/div>\n<\/div>\n","protected":false},"excerpt":{"rendered":"<p>Produktname: The HunterSorte: Kotsifali Kategorie: Rebsortenwein von Kreta Jahrgang: 2024 Reifung: 3-4 Jahre Volumen: 13,5% vol \/ S\u00e4ure: 5.27 g\/l \/ pH: 3.47 Restzucker: 0,5 g\/l Weinberg: MadesH\u00f6he: 300 m Alter: 5 JahreArea Yield: 9 tn\/ha S O R T E Kotsifali:Das rote Wahrzeichen deskretischen Weinbergs.Diese Sortebestimmt den Charaktervieler trockener Rotweine imWeinbau der s\u00fcdlichen \u00c4g\u00e4is.Sanftheit&hellip;&nbsp;<a href=\"https:\/\/kladoswinery.gr\/deutsch\/the-hunter\/\" rel=\"bookmark\">Weiterlesen &raquo;<span class=\"screen-reader-text\">The Hunter<\/span><\/a><\/p>\n","protected":false},"author":1,"featured_media":0,"parent":0,"menu_order":0,"comment_status":"closed","ping_status":"closed","template":"","meta":{"neve_meta_sidebar":"","neve_meta_container":"","neve_meta_enable_content_width":"","neve_meta_content_width":0,"neve_meta_title_alignment":"","neve_meta_author_avatar":"","neve_post_elements_order":"","neve_meta_disable_header":"","neve_meta_disable_footer":"","neve_meta_disable_title":"","footnotes":""},"class_list":["post-2139","page","type-page","status-publish","hentry"],"_links":{"self":[{"href":"https:\/\/kladoswinery.gr\/deutsch\/wp-json\/wp\/v2\/pages\/2139","targetHints":{"allow":["GET"]}}],"collection":[{"href":"https:\/\/kladoswinery.gr\/deutsch\/wp-json\/wp\/v2\/pages"}],"about":[{"href":"https:\/\/kladoswinery.gr\/deutsch\/wp-json\/wp\/v2\/types\/page"}],"author":[{"embeddable":true,"href":"https:\/\/kladoswinery.gr\/deutsch\/wp-json\/wp\/v2\/users\/1"}],"replies":[{"embeddable":true,"href":"https:\/\/kladoswinery.gr\/deutsch\/wp-json\/wp\/v2\/comments?post=2139"}],"version-history":[{"count":21,"href":"https:\/\/kladoswinery.gr\/deutsch\/wp-json\/wp\/v2\/pages\/2139\/revisions"}],"predecessor-version":[{"id":2727,"href":"https:\/\/kladoswinery.gr\/deutsch\/wp-json\/wp\/v2\/pages\/2139\/revisions\/2727"}],"wp:attachment":[{"href":"https:\/\/kladoswinery.gr\/deutsch\/wp-json\/wp\/v2\/media?parent=2139"}],"curies":[{"name":"wp","href":"https:\/\/api.w.org\/{rel}","templated":true}]}}