{"id":230,"date":"2022-11-20T07:55:08","date_gmt":"2022-11-20T07:55:08","guid":{"rendered":"https:\/\/kladoswinery.gr\/deutsch\/?page_id=230"},"modified":"2026-02-09T09:57:44","modified_gmt":"2026-02-09T07:57:44","slug":"his-queen","status":"publish","type":"page","link":"https:\/\/kladoswinery.gr\/deutsch\/his-queen\/","title":{"rendered":"His Queen"},"content":{"rendered":"\n<figure class=\"wp-block-image alignwide size-large\"><img loading=\"lazy\" decoding=\"async\" width=\"1024\" height=\"628\" src=\"https:\/\/kladoswinery.gr\/deutsch\/wp-content\/uploads\/2022\/12\/His-Queen-1024x628.jpg\" alt=\"\" class=\"wp-image-1093\" srcset=\"https:\/\/kladoswinery.gr\/deutsch\/wp-content\/uploads\/2022\/12\/His-Queen-1024x628.jpg 1024w, https:\/\/kladoswinery.gr\/deutsch\/wp-content\/uploads\/2022\/12\/His-Queen-300x184.jpg 300w, https:\/\/kladoswinery.gr\/deutsch\/wp-content\/uploads\/2022\/12\/His-Queen-768x471.jpg 768w, https:\/\/kladoswinery.gr\/deutsch\/wp-content\/uploads\/2022\/12\/His-Queen-1536x942.jpg 1536w, https:\/\/kladoswinery.gr\/deutsch\/wp-content\/uploads\/2022\/12\/His-Queen-500x307.jpg 500w, https:\/\/kladoswinery.gr\/deutsch\/wp-content\/uploads\/2022\/12\/His-Queen-800x490.jpg 800w, https:\/\/kladoswinery.gr\/deutsch\/wp-content\/uploads\/2022\/12\/His-Queen-1280x785.jpg 1280w, https:\/\/kladoswinery.gr\/deutsch\/wp-content\/uploads\/2022\/12\/His-Queen-1920x1177.jpg 1920w, https:\/\/kladoswinery.gr\/deutsch\/wp-content\/uploads\/2022\/12\/His-Queen.jpg 2000w\" sizes=\"auto, (max-width: 1024px) 100vw, 1024px\" \/><\/figure>\n\n\n\n<div style=\"height:30px\" aria-hidden=\"true\" class=\"wp-block-spacer\"><\/div>\n\n\n\n<div class=\"wp-block-columns is-layout-flex wp-container-core-columns-is-layout-9d6595d7 wp-block-columns-is-layout-flex\">\n<div class=\"wp-block-column is-layout-flow wp-block-column-is-layout-flow\">\n<p class=\"has-text-align-center has-nv-dark-bg-color has-text-color\">Produktname:<br><strong>His Queen<\/strong><br><br>Sorte: Sauvignon Blanc 100%<br>Kategorie: Sortenwein von Kreta<br>Jahrgang: 2025<br>Alterung: 2 &#8211; 3 Jahre<br>Volumen: 12.5 % vol \/ S\u00e4ure: 6 g\/l \/ pH: 3.37<br>Restzucker: 0.29 g\/l<br>Weinberg: Peza Heraklion<br>Boden: Lehm<br>H\u00f6he: 400 m<br>Alter: 14 Jahre<br>Fl\u00e4chenertrag: 12 tn\/ha<\/p>\n<\/div>\n<\/div>\n\n\n\n<div class=\"wp-block-columns is-layout-flex wp-container-core-columns-is-layout-9d6595d7 wp-block-columns-is-layout-flex\">\n<div class=\"wp-block-column is-layout-flow wp-block-column-is-layout-flow\">\n<h4 class=\"wp-block-heading has-text-align-center\" style=\"letter-spacing:5px\">SORTE<\/h4>\n\n\n\n<p class=\"has-text-align-center\">Sauvignon Blanc:<br>Die international renommiertesten wei\u00dfe Sorte. Aufgrund Ihrer reichen aromatische Dynamik ist sie unersetzlich und gilt als &#8222;weitgereist&#8220;. Weltweit angebaut ist sie nachweislich sehr anpassungsf\u00e4hig &#8211; Ein echter Cosmopolit. <br>Der Wein aus Sauvignon Blanc hat ein angenehmes Aroma und Geschmack, erfrischende S\u00e4ure und eine aromatische Bouquet von Grapefruit, Melone und exotischen Fr\u00fcchten. <br>Vielf\u00e4ltig je nach Gebiet und Vinifikation.<\/p>\n\n\n\n<h4 class=\"wp-block-heading has-text-align-center\" style=\"letter-spacing:5px\">WEINBEREITUNG<\/h4>\n\n\n\n<p class=\"has-text-align-center\">Die Trauben werden in der ersten Septemberwoche von Hand gelesen und mit gr\u00f6\u00dfter Sorgfalt ausgew\u00e4hlt. Die Sammlung des Mostes erfolgt mit sanftem Druck. Der Most wird bei niedriger Temperatur ein paar Stunden dekantiert. Die Vinifikation beginnt bei 16\u00b0- 19\u00b0C. Abermals dekantiert wird er ca. 2 Monate auf der Hefe belassen.<\/p>\n<\/div>\n\n\n\n<div class=\"wp-block-column is-layout-flow wp-block-column-is-layout-flow\"><div class=\"wp-block-image\">\n<figure class=\"aligncenter size-full\"><img loading=\"lazy\" decoding=\"async\" width=\"297\" height=\"1024\" src=\"https:\/\/kladoswinery.gr\/deutsch\/wp-content\/uploads\/2022\/11\/his_queen_klados_1200-297x1024-1.png\" alt=\"\" class=\"wp-image-600\" srcset=\"https:\/\/kladoswinery.gr\/deutsch\/wp-content\/uploads\/2022\/11\/his_queen_klados_1200-297x1024-1.png 297w, https:\/\/kladoswinery.gr\/deutsch\/wp-content\/uploads\/2022\/11\/his_queen_klados_1200-297x1024-1-87x300.png 87w\" sizes=\"auto, (max-width: 297px) 100vw, 297px\" \/><\/figure>\n<\/div><\/div>\n\n\n\n<div class=\"wp-block-column is-layout-flow wp-block-column-is-layout-flow\">\n<h4 class=\"wp-block-heading has-text-align-center\" style=\"letter-spacing:5px\">ORGANOLEPTISCHE BESCHREIBUNG<\/h4>\n\n\n\n<p class=\"has-text-align-center\">Hell-gelb-goldener Farbton. <br>Komplexes Aroma von exotischen Fr\u00fcchten wie Passionsfrucht und Mango, mit dem charakteristischen Kr\u00e4uteraroma dieser Sorte. <br>Fruchtig im Mund, mit einer knackigen S\u00e4ure. Ein langer und intensiver Nachgeschmack. Serviert bei 9-11\u00b0C die perfekte Begleitung zu Meeresfr\u00fcchten.<\/p>\n\n\n\n<h4 class=\"wp-block-heading has-text-align-center\" style=\"letter-spacing:5px\">ETIKETT<\/h4>\n\n\n\n<p class=\"has-text-align-center\">His Queen &#8211; Die K\u00f6nigin der wei\u00dfen Sorten. Ohne sie w\u00e4re Cabernet Sauvignon nicht entdeckt worden. Fragen Sie nach ihrer anderen H\u00e4lfte \u2013<br><a href=\"https:\/\/kladoswinery.gr\/deutsch\/?page_id=232\" data-type=\"page\" data-id=\"232\">Her King<\/a><\/p>\n\n\n\n<p class=\"has-text-align-center has-medium-font-size\"><a rel=\"noreferrer noopener\" href=\"https:\/\/kladoswinery.gr\/deutsch\/wp-content\/uploads\/2022\/11\/klados_his_queen.pdf\" data-type=\"attachment\" data-id=\"496\" target=\"_blank\">Data Sheet 2021 <i class=\"far fa-file-pdf\"><\/i><\/a><\/p>\n\n\n\n<p class=\"has-text-align-center has-medium-font-size\"><a href=\"https:\/\/kladoswinery.gr\/deutsch\/wp-content\/uploads\/2023\/01\/klados_his_queen_22_de.pdf\" data-type=\"attachment\" data-id=\"1851\" target=\"_blank\" rel=\"noreferrer noopener\">Datenblatt 2022 <i class=\"far fa-file-pdf\"><\/i><\/a><\/p>\n\n\n\n<p class=\"has-text-align-center has-medium-font-size\"><a href=\"https:\/\/kladoswinery.gr\/deutsch\/wp-content\/uploads\/2024\/03\/klados_his_queen_23_de.pdf\" target=\"_blank\" rel=\"noreferrer noopener\">Datenblatt 2023 <i class=\"far fa-file-pdf\"><\/i><\/a><\/p>\n\n\n\n<p class=\"has-text-align-center has-medium-font-size\"><a href=\"https:\/\/kladoswinery.gr\/deutsch\/wp-content\/uploads\/2025\/03\/klados_white_diva_25_de-1.pdf\" target=\"_blank\" rel=\"noreferrer noopener\">Datenblatt 2024 <i class=\"far fa-file-pdf\"><\/i><\/a><\/p>\n\n\n\n<p class=\"has-text-align-center has-medium-font-size\"><a href=\"https:\/\/kladoswinery.gr\/deutsch\/wp-content\/uploads\/2026\/02\/klados_his_queen_25_de.pdf\" target=\"_blank\" rel=\"noreferrer noopener\">Datenblatt 2025 <i class=\"far fa-file-pdf\"><\/i><\/a><\/p>\n<\/div>\n<\/div>\n\n\n\n<div class=\"wp-block-columns is-not-stacked-on-mobile is-layout-flex wp-container-core-columns-is-layout-9d6595d7 wp-block-columns-is-layout-flex\">\n<div class=\"wp-block-column is-layout-flow wp-block-column-is-layout-flow\"><div class=\"wp-block-image\">\n<figure class=\"aligncenter size-full\"><a href=\"https:\/\/kladoswinery.gr\/deutsch\/?page_id=227\"><img loading=\"lazy\" decoding=\"async\" width=\"44\" height=\"150\" src=\"https:\/\/kladoswinery.gr\/deutsch\/wp-content\/uploads\/2022\/12\/white_diva_150.png\" alt=\"\" class=\"wp-image-1003\"\/><\/a><\/figure>\n<\/div><\/div>\n\n\n\n<div class=\"wp-block-column is-layout-flow wp-block-column-is-layout-flow\"><\/div>\n\n\n\n<div class=\"wp-block-column is-layout-flow wp-block-column-is-layout-flow\"><div class=\"wp-block-image\">\n<figure class=\"aligncenter size-full\"><a href=\"https:\/\/kladoswinery.gr\/deutsch\/?page_id=217\"><img loading=\"lazy\" decoding=\"async\" width=\"43\" height=\"150\" src=\"https:\/\/kladoswinery.gr\/deutsch\/wp-content\/uploads\/2022\/12\/klados_great_hawk_150.png\" alt=\"\" class=\"wp-image-1005\"\/><\/a><\/figure>\n<\/div><\/div>\n<\/div>\n","protected":false},"excerpt":{"rendered":"<p>Produktname:His Queen Sorte: Sauvignon Blanc 100%Kategorie: Sortenwein von KretaJahrgang: 2025Alterung: 2 &#8211; 3 JahreVolumen: 12.5 % vol \/ S\u00e4ure: 6 g\/l \/ pH: 3.37Restzucker: 0.29 g\/lWeinberg: Peza HeraklionBoden: LehmH\u00f6he: 400 mAlter: 14 JahreFl\u00e4chenertrag: 12 tn\/ha SORTE Sauvignon Blanc:Die international renommiertesten wei\u00dfe Sorte. Aufgrund Ihrer reichen aromatische Dynamik ist sie unersetzlich und gilt als &#8222;weitgereist&#8220;. Weltweit&hellip;&nbsp;<a href=\"https:\/\/kladoswinery.gr\/deutsch\/his-queen\/\" rel=\"bookmark\">Weiterlesen &raquo;<span class=\"screen-reader-text\">His Queen<\/span><\/a><\/p>\n","protected":false},"author":1,"featured_media":0,"parent":0,"menu_order":0,"comment_status":"closed","ping_status":"closed","template":"","meta":{"neve_meta_sidebar":"","neve_meta_container":"","neve_meta_enable_content_width":"","neve_meta_content_width":0,"neve_meta_title_alignment":"","neve_meta_author_avatar":"","neve_post_elements_order":"","neve_meta_disable_header":"","neve_meta_disable_footer":"","neve_meta_disable_title":"on","footnotes":""},"class_list":["post-230","page","type-page","status-publish","hentry"],"_links":{"self":[{"href":"https:\/\/kladoswinery.gr\/deutsch\/wp-json\/wp\/v2\/pages\/230","targetHints":{"allow":["GET"]}}],"collection":[{"href":"https:\/\/kladoswinery.gr\/deutsch\/wp-json\/wp\/v2\/pages"}],"about":[{"href":"https:\/\/kladoswinery.gr\/deutsch\/wp-json\/wp\/v2\/types\/page"}],"author":[{"embeddable":true,"href":"https:\/\/kladoswinery.gr\/deutsch\/wp-json\/wp\/v2\/users\/1"}],"replies":[{"embeddable":true,"href":"https:\/\/kladoswinery.gr\/deutsch\/wp-json\/wp\/v2\/comments?post=230"}],"version-history":[{"count":60,"href":"https:\/\/kladoswinery.gr\/deutsch\/wp-json\/wp\/v2\/pages\/230\/revisions"}],"predecessor-version":[{"id":2708,"href":"https:\/\/kladoswinery.gr\/deutsch\/wp-json\/wp\/v2\/pages\/230\/revisions\/2708"}],"wp:attachment":[{"href":"https:\/\/kladoswinery.gr\/deutsch\/wp-json\/wp\/v2\/media?parent=230"}],"curies":[{"name":"wp","href":"https:\/\/api.w.org\/{rel}","templated":true}]}}