{"id":232,"date":"2022-11-20T07:55:25","date_gmt":"2022-11-20T07:55:25","guid":{"rendered":"https:\/\/kladoswinery.gr\/deutsch\/?page_id=232"},"modified":"2026-02-10T09:19:19","modified_gmt":"2026-02-10T07:19:19","slug":"her-king","status":"publish","type":"page","link":"https:\/\/kladoswinery.gr\/deutsch\/her-king\/","title":{"rendered":"Her King"},"content":{"rendered":"\n<figure class=\"wp-block-image alignwide size-large\"><img loading=\"lazy\" decoding=\"async\" width=\"1024\" height=\"541\" src=\"https:\/\/kladoswinery.gr\/deutsch\/wp-content\/uploads\/2022\/12\/HerKing-1024x541.jpg\" alt=\"\" class=\"wp-image-1092\" srcset=\"https:\/\/kladoswinery.gr\/deutsch\/wp-content\/uploads\/2022\/12\/HerKing-1024x541.jpg 1024w, https:\/\/kladoswinery.gr\/deutsch\/wp-content\/uploads\/2022\/12\/HerKing-300x159.jpg 300w, https:\/\/kladoswinery.gr\/deutsch\/wp-content\/uploads\/2022\/12\/HerKing-768x406.jpg 768w, https:\/\/kladoswinery.gr\/deutsch\/wp-content\/uploads\/2022\/12\/HerKing-1536x812.jpg 1536w, https:\/\/kladoswinery.gr\/deutsch\/wp-content\/uploads\/2022\/12\/HerKing-500x264.jpg 500w, https:\/\/kladoswinery.gr\/deutsch\/wp-content\/uploads\/2022\/12\/HerKing-800x423.jpg 800w, https:\/\/kladoswinery.gr\/deutsch\/wp-content\/uploads\/2022\/12\/HerKing-1280x676.jpg 1280w, https:\/\/kladoswinery.gr\/deutsch\/wp-content\/uploads\/2022\/12\/HerKing-1920x1015.jpg 1920w, https:\/\/kladoswinery.gr\/deutsch\/wp-content\/uploads\/2022\/12\/HerKing.jpg 2000w\" sizes=\"auto, (max-width: 1024px) 100vw, 1024px\" \/><\/figure>\n\n\n\n<div style=\"height:30px\" aria-hidden=\"true\" class=\"wp-block-spacer\"><\/div>\n\n\n\n<div class=\"wp-block-columns is-layout-flex wp-container-core-columns-is-layout-9d6595d7 wp-block-columns-is-layout-flex\">\n<div class=\"wp-block-column is-layout-flow wp-block-column-is-layout-flow\">\n<p><\/p>\n<\/div>\n\n\n\n<div class=\"wp-block-column is-layout-flow wp-block-column-is-layout-flow\">\n<p class=\"has-text-align-center\">Produktname:<br><strong>Her King<\/strong><br><br>Rebsorten: Cabernet Sauvignon 80%<br> Liatiko 20%<br>Kategorie: Sortenwein von Kreta<br>Jahrgang: 2024<br>Alterung: 8-9 Jahre<br>Volumen: 14% vol \/ S\u00e4ure: 5.80 g\/l \/ pH: 3.52<br>Restzucker: 0.2 g\/l<br>Weinberg: Gallos Rethymno<br>Boden: Sand &#8211; Lehm<br>H\u00f6he: 300 m<br>Alter: 14 Jahre<br>Fl\u00e4chenertrag: 8 tn\/ha<br><\/p>\n<\/div>\n\n\n\n<div class=\"wp-block-column is-layout-flow wp-block-column-is-layout-flow\">\n<p class=\"has-text-align-right has-nv-dark-bg-color has-text-color\"><\/p>\n<\/div>\n<\/div>\n\n\n\n<div class=\"wp-block-columns is-layout-flex wp-container-core-columns-is-layout-9d6595d7 wp-block-columns-is-layout-flex\">\n<div class=\"wp-block-column is-layout-flow wp-block-column-is-layout-flow\">\n<h4 class=\"wp-block-heading has-text-align-center\" style=\"letter-spacing:5px\">REBSORTEN<\/h4>\n\n\n\n<p class=\"has-text-align-center\">Cabernet Sauvignon:<br>Diese franz\u00f6sische Sorte von Weltruf<br>gilt als der K\u00f6nig aller Sorten. <br>Sie gedeiht weltweit. Der Wein ist durch seine tief-rubinrote Farbe, den intensiven<br>K\u00f6rper, den hohen Gehalt an Tanninen und<br>die charakteristische aromatische Pr\u00e4senz leicht zu erkennen.<\/p>\n\n\n\n<p class=\"has-text-align-center\"><br>Liatiko:<br>Eine der \u00e4ltesten roten Sorten Kretas. Der Wein aus diese Sorte ist von hohem Alkoholgehalt und weichem Geschmack.<br>Ein ausgezeichneter Wein mit starkem Aroma und sanfter Farbe.<\/p>\n\n\n\n<h4 class=\"wp-block-heading has-text-align-center\" style=\"letter-spacing:5px\">WEINBEREITUNG<\/h4>\n\n\n\n<p class=\"has-text-align-center\">Die Traube wird von Hand in der ersten Septemberwoche geerntet. <br>Die Trauben sind sorgf\u00e4ltig ausgew\u00e4hlt und die Sammlung des Mostes erfolgt mit sanftem Druck.<br>Bei niedriger Temperatur f\u00fcr einige Stunden dekantiert, beginnt die Weinbereitung zwischen 16 -19\u00b0 C.<br>Der Wein wird abermals dekantiert und ruht auf der Hefe f\u00fcr etwa zwei Monate.<\/p>\n<\/div>\n\n\n\n<div class=\"wp-block-column is-layout-flow wp-block-column-is-layout-flow\"><div class=\"wp-block-image\">\n<figure class=\"aligncenter size-full\"><img loading=\"lazy\" decoding=\"async\" width=\"297\" height=\"1024\" src=\"https:\/\/kladoswinery.gr\/deutsch\/wp-content\/uploads\/2022\/11\/her_king-klados_1200-297x1024-1.png\" alt=\"\" class=\"wp-image-590\" srcset=\"https:\/\/kladoswinery.gr\/deutsch\/wp-content\/uploads\/2022\/11\/her_king-klados_1200-297x1024-1.png 297w, https:\/\/kladoswinery.gr\/deutsch\/wp-content\/uploads\/2022\/11\/her_king-klados_1200-297x1024-1-87x300.png 87w\" sizes=\"auto, (max-width: 297px) 100vw, 297px\" \/><\/figure>\n<\/div><\/div>\n\n\n\n<div class=\"wp-block-column is-layout-flow wp-block-column-is-layout-flow\">\n<h4 class=\"wp-block-heading has-text-align-center\" style=\"letter-spacing:5px\">ORGANOLEPTISCHE BESCHREIBUNG<\/h4>\n\n\n\n<p class=\"has-text-align-center\">Tiefes Rubinrot. Komplexe Aromen von Kirsche, Brombeere und Pflaume, mit Zimt, Nelke, S\u00fc\u00dfholz und Schokolade. Ein reicher, voller Mund mit perfekter Balance von Alkohol, S\u00e4ure und Tanninen. Langer und intensiver Nachgeschmack.<br>Serviertemperatur 14 -16\u00b0C. Die ideale Begleitung zu Wild, geschmortem Fleisch und einer K\u00e4seauswahl.<\/p>\n\n\n\n<h4 class=\"wp-block-heading has-text-align-center\" style=\"letter-spacing:5px\">ETIKETT<\/h4>\n\n\n\n<p class=\"has-text-align-center\">Ihr K\u00f6nig: Cabernet Sauvignon<br>als der K\u00f6nig der roten Sorten kombiniert<br>mit dem kretischen Liatiko, ergibt eine<br>ausgewogene, aromareiche Mischung.<br>Ohne <a href=\"https:\/\/kladoswinery.gr\/deutsch\/his-queen\/\">Sauvignon Blanc<\/a> w\u00fcrde dieser Cuv\u00e9e<br>nicht existieren.<br>Daher:<br>Her King &#8211; Ihr K\u00f6nig<\/p>\n\n\n\n<p class=\"has-text-align-center has-medium-font-size\"><a href=\"https:\/\/kladoswinery.gr\/deutsch\/wp-content\/uploads\/2022\/11\/klados_her_king.pdf\" data-type=\"attachment\" data-id=\"495\" target=\"_blank\" rel=\"noreferrer noopener\">Datenblatt 2021 <i class=\"far fa-file-pdf\"><\/i><\/a><br><br><a href=\"https:\/\/kladoswinery.gr\/deutsch\/wp-content\/uploads\/2023\/01\/klados_her_king_22_de.pdf\" data-type=\"attachment\" data-id=\"1819\" target=\"_blank\" rel=\"noreferrer noopener\">Datenblatt 2022 <i class=\"far fa-file-pdf\"><\/i><\/a><\/p>\n\n\n\n<p class=\"has-text-align-center has-medium-font-size\"><a href=\"https:\/\/kladoswinery.gr\/deutsch\/wp-content\/uploads\/2025\/03\/klados_her_king_23_de.pdf\" target=\"_blank\" rel=\"noreferrer noopener\">Datenblatt 2023 <i class=\"far fa-file-pdf\"><\/i><\/a><\/p>\n\n\n\n<p class=\"has-text-align-center has-medium-font-size\"><a href=\"https:\/\/kladoswinery.gr\/deutsch\/wp-content\/uploads\/2026\/02\/klados_her_king_25_de.pdf\" target=\"_blank\" rel=\"noreferrer noopener\">Datenblatt 2024 <i class=\"far fa-file-pdf\"><\/i><\/a><\/p>\n<\/div>\n<\/div>\n\n\n\n<div class=\"wp-block-columns is-not-stacked-on-mobile is-layout-flex wp-container-core-columns-is-layout-9d6595d7 wp-block-columns-is-layout-flex\">\n<div class=\"wp-block-column is-vertically-aligned-top is-layout-flow wp-block-column-is-layout-flow\" style=\"flex-basis:33.34%\"><div class=\"wp-block-image\">\n<figure class=\"aligncenter size-full\"><a href=\"https:\/\/kladoswinery.gr\/deutsch\/?page_id=217\"><img loading=\"lazy\" decoding=\"async\" width=\"43\" height=\"150\" src=\"https:\/\/kladoswinery.gr\/deutsch\/wp-content\/uploads\/2022\/12\/klados_great_hawk_150.png\" alt=\"\" class=\"wp-image-1005\"\/><\/a><\/figure>\n<\/div><\/div>\n\n\n\n<div class=\"wp-block-column is-layout-flow wp-block-column-is-layout-flow\" style=\"flex-basis:33.33%\"><\/div>\n\n\n\n<div class=\"wp-block-column is-vertically-aligned-top is-layout-flow wp-block-column-is-layout-flow\" style=\"flex-basis:33.34%\"><div class=\"wp-block-image\">\n<figure class=\"aligncenter size-full\"><a href=\"https:\/\/kladoswinery.gr\/deutsch\/h-e-r-i-t-a-g-e-1412-20\/\"><img loading=\"lazy\" decoding=\"async\" width=\"43\" height=\"150\" src=\"https:\/\/kladoswinery.gr\/deutsch\/wp-content\/uploads\/2025\/03\/assyrtiko14_12_20_40.jpg\" alt=\"\" class=\"wp-image-2491\"\/><\/a><\/figure>\n<\/div><\/div>\n<\/div>\n","protected":false},"excerpt":{"rendered":"<p>Produktname:Her King Rebsorten: Cabernet Sauvignon 80% Liatiko 20%Kategorie: Sortenwein von KretaJahrgang: 2024Alterung: 8-9 JahreVolumen: 14% vol \/ S\u00e4ure: 5.80 g\/l \/ pH: 3.52Restzucker: 0.2 g\/lWeinberg: Gallos RethymnoBoden: Sand &#8211; LehmH\u00f6he: 300 mAlter: 14 JahreFl\u00e4chenertrag: 8 tn\/ha REBSORTEN Cabernet Sauvignon:Diese franz\u00f6sische Sorte von Weltrufgilt als der K\u00f6nig aller Sorten. Sie gedeiht weltweit. Der Wein ist durch&hellip;&nbsp;<a href=\"https:\/\/kladoswinery.gr\/deutsch\/her-king\/\" rel=\"bookmark\">Weiterlesen &raquo;<span class=\"screen-reader-text\">Her King<\/span><\/a><\/p>\n","protected":false},"author":1,"featured_media":0,"parent":0,"menu_order":0,"comment_status":"closed","ping_status":"closed","template":"","meta":{"neve_meta_sidebar":"","neve_meta_container":"","neve_meta_enable_content_width":"","neve_meta_content_width":0,"neve_meta_title_alignment":"","neve_meta_author_avatar":"","neve_post_elements_order":"","neve_meta_disable_header":"","neve_meta_disable_footer":"","neve_meta_disable_title":"on","footnotes":""},"class_list":["post-232","page","type-page","status-publish","hentry"],"_links":{"self":[{"href":"https:\/\/kladoswinery.gr\/deutsch\/wp-json\/wp\/v2\/pages\/232","targetHints":{"allow":["GET"]}}],"collection":[{"href":"https:\/\/kladoswinery.gr\/deutsch\/wp-json\/wp\/v2\/pages"}],"about":[{"href":"https:\/\/kladoswinery.gr\/deutsch\/wp-json\/wp\/v2\/types\/page"}],"author":[{"embeddable":true,"href":"https:\/\/kladoswinery.gr\/deutsch\/wp-json\/wp\/v2\/users\/1"}],"replies":[{"embeddable":true,"href":"https:\/\/kladoswinery.gr\/deutsch\/wp-json\/wp\/v2\/comments?post=232"}],"version-history":[{"count":63,"href":"https:\/\/kladoswinery.gr\/deutsch\/wp-json\/wp\/v2\/pages\/232\/revisions"}],"predecessor-version":[{"id":2731,"href":"https:\/\/kladoswinery.gr\/deutsch\/wp-json\/wp\/v2\/pages\/232\/revisions\/2731"}],"wp:attachment":[{"href":"https:\/\/kladoswinery.gr\/deutsch\/wp-json\/wp\/v2\/media?parent=232"}],"curies":[{"name":"wp","href":"https:\/\/api.w.org\/{rel}","templated":true}]}}