{"id":238,"date":"2022-11-20T07:57:08","date_gmt":"2022-11-20T07:57:08","guid":{"rendered":"https:\/\/kladoswinery.gr\/deutsch\/?page_id=238"},"modified":"2026-04-04T13:10:42","modified_gmt":"2026-04-04T10:10:42","slug":"wine-cheese-pairing","status":"publish","type":"page","link":"https:\/\/kladoswinery.gr\/deutsch\/wine-cheese-pairing\/","title":{"rendered":"Wine &amp; Cheese &amp; Cold cuts"},"content":{"rendered":"\n<figure class=\"wp-block-image alignwide size-large\"><img loading=\"lazy\" decoding=\"async\" width=\"1024\" height=\"453\" src=\"https:\/\/kladoswinery.gr\/deutsch\/wp-content\/uploads\/2026\/03\/klados_wine_cheese_CC-1024x453.jpg\" alt=\"\" class=\"wp-image-2761\" srcset=\"https:\/\/kladoswinery.gr\/deutsch\/wp-content\/uploads\/2026\/03\/klados_wine_cheese_CC-1024x453.jpg 1024w, https:\/\/kladoswinery.gr\/deutsch\/wp-content\/uploads\/2026\/03\/klados_wine_cheese_CC-300x133.jpg 300w, https:\/\/kladoswinery.gr\/deutsch\/wp-content\/uploads\/2026\/03\/klados_wine_cheese_CC-768x340.jpg 768w, https:\/\/kladoswinery.gr\/deutsch\/wp-content\/uploads\/2026\/03\/klados_wine_cheese_CC-1536x680.jpg 1536w, https:\/\/kladoswinery.gr\/deutsch\/wp-content\/uploads\/2026\/03\/klados_wine_cheese_CC-500x221.jpg 500w, https:\/\/kladoswinery.gr\/deutsch\/wp-content\/uploads\/2026\/03\/klados_wine_cheese_CC-800x354.jpg 800w, https:\/\/kladoswinery.gr\/deutsch\/wp-content\/uploads\/2026\/03\/klados_wine_cheese_CC-1280x567.jpg 1280w, https:\/\/kladoswinery.gr\/deutsch\/wp-content\/uploads\/2026\/03\/klados_wine_cheese_CC.jpg 1920w\" sizes=\"auto, (max-width: 1024px) 100vw, 1024px\" \/><\/figure>\n\n\n\n<div class=\"wp-block-columns alignwide is-layout-flex wp-container-core-columns-is-layout-9d6595d7 wp-block-columns-is-layout-flex\">\n<div class=\"wp-block-column is-layout-flow wp-block-column-is-layout-flow\">\n<h3 class=\"wp-block-heading has-neve-link-color-color has-text-color\"><br>Wein &amp; K\u00e4se &amp; Aufschnitt<\/h3>\n\n\n\n<p>Bei Ihrem Besuch in unserem Weingut f\u00fchren wir Sie durch den Weinberg, die Produktion und unseren Weinkeller.<br>Daran anschlie\u00dfend eine einzigartigen Weinprobe begleitet von au\u00dfergew\u00f6hnlichen kretischen K\u00e4sesorten und\/oder kretischem Aufschnitt.<\/p>\n\n\n\n<p>Kosten:<br>6 Weinproben: 15,00 \u20ac pro Person<br>8 Weinproben: 19,00 \u20ac pro Person<br>Kleiner Teller kretischer K\u00e4se (2-3 Personen) \u20ac 14,50<br>Gro\u00dfer Teller kretischer K\u00e4se (4-6 Personen) \u20ac 23,00<br>Kleiner Teller kretischer Aufschnitt (2-3 Personen) \u20ac 15,50<br>Grosser Teller kretischer Aufschnitt ( 4-6 Personen) \u20ac 24,00<\/p>\n\n\n\n<p class=\"has-medium-font-size\"><strong>\u00d6ffnungszeiten:<\/strong><\/p>\n\n\n\n<p class=\"has-medium-font-size\"><strong>1. April \u2013 30. April<\/strong><br>Montag &#8211; Samstag<br>11.00 \u2013 18.00 Uhr<br>Touren um<br>12:00 | 14:30 | 17:00 Uhr<\/p>\n\n\n\n<p class=\"has-medium-font-size\"><strong>2. Mai \u2013 17. Oktober<\/strong><br>Montag &#8211; Samstag<br>11.00 \u2013 22.00 Uhr<br><em>Letztes Tasting um 21:00 Uhr<\/em><br>F\u00fchrungen um:<br>12:00 | 14:30 | 17:00 | 19:30 Uhr<\/p>\n\n\n\n<p class=\"has-medium-font-size\"><strong>19. Oktober \u2013 7. November<\/strong><br>Montag &#8211; Samstag<br>11.00 \u2013 18.00 Uhr<br>F\u00fchrungen um:<br>11:00 | 13:00 | 15:00 | Uhr<br><br>W\u00fcnschen Sie einen Besuch zu einem anderen Zeitpunkt,<br><a href=\"https:\/\/kladoswinery.gr\/deutsch\/contact\/\">vereinbaren Sie dies bitte mit uns.<\/a><br><\/p>\n\n\n\n<p class=\"has-medium-font-size\"><a href=\"https:\/\/kladoswinery.gr\/deutsch\/wine-tasting-under-the-pergola\/\">Weinprobe unter der Pergola | 6 Weine<\/a><br><a href=\"https:\/\/kladoswinery.gr\/deutsch\/wine-tasting-under-the-pergola-8-wines\/\">Weinprobe unter der Pergola | 8 Weine<br><\/a><a href=\"https:\/\/kladoswinery.gr\/deutsch\/wine-cheese-pairing\/\" data-type=\"page\" data-id=\"238\">Wein &amp; K\u00e4se | Wein &amp; Aufschnitt  <br><\/a><a href=\"https:\/\/kladoswinery.gr\/deutsch\/?page_id=240\">Veranstaltungen<\/a><\/p>\n<\/div>\n\n\n\n<div class=\"wp-block-column is-vertically-aligned-top has-nv-site-bg-color has-nv-dark-bg-background-color has-text-color has-background is-layout-flow wp-block-column-is-layout-flow\" style=\"flex-basis:50%\">\n<div style=\"height:20px\" aria-hidden=\"true\" class=\"wp-block-spacer\"><\/div>\n\n\n<div class=\"wp-block-image\">\n<figure class=\"aligncenter size-full\"><img loading=\"lazy\" decoding=\"async\" width=\"118\" height=\"142\" src=\"https:\/\/kladoswinery.gr\/deutsch\/wp-content\/uploads\/2022\/11\/logo_hell_33x40.png\" alt=\"\" class=\"wp-image-490\"\/><\/figure>\n<\/div>\n\n\n<h3 class=\"wp-block-heading has-text-align-center has-neve-link-color-color has-text-color\" style=\"letter-spacing:5px\">RESERVIERUNG<\/h3>\n\n\n\n<p class=\"has-text-align-center\" style=\"font-size:16px\">Bitte f\u00fcllen Sie das folgende Formular aus.<br>Mit dem Absenden stimmen Sie der<br>Speicherung Ihrer Daten zwecks<br>Best\u00e4tigung Ihrer Reservierung zu.<\/p>\n\n\n<div style=\"display:none\" class=\"fm-form-container fm-theme0\"><div id=\"fm-pages6\" class=\"fm-pages wdform_page_navigation \" show_title=\"\" show_numbers=\"1\" type=\"none\"><\/div><form name=\"form6\" action=\"\/deutsch\/wp-json\/wp\/v2\/pages\/238\" method=\"post\" id=\"form6\" class=\"fm-form form6  \" enctype=\"multipart\/form-data\"><input type=\"hidden\" id=\"fm_page_id6\" value=\"238\" name=\"fm_page_id6\" \/><input type=\"hidden\" id=\"fm_current_post_type6\" value=\"page\" name=\"fm_current_post_type6\" \/><input type=\"hidden\" id=\"counter6\" value=\"16\" name=\"counter6\" \/><input type=\"hidden\" id=\"Itemid6\" value=\"\" name=\"Itemid6\" \/><input type=\"hidden\" id=\"fm_shake6\" value=\"1\" name=\"fm_shake6\" \/><input type=\"text\" class=\"fm-hide\" id=\"fm_empty_field_validation6\" value=\"\" name=\"fm_empty_field_validation6\" data-value=\"bd736efb144d599cf463541431fbf5c4\" \/><input type=\"hidden\" id=\"fm_form_nonce6\" name=\"fm_form_nonce6\" value=\"82e3d03eb9\" \/><input type=\"hidden\" name=\"_wp_http_referer\" value=\"\/deutsch\/wp-json\/wp\/v2\/pages\/238\" \/><div class=\"wdform-page-and-images fm-form-builder\"><div id=\"6form_view1\" class=\"wdform_page\" page_title=\"Untitled page\" next_title=\"Next\" next_type=\"text\" next_class=\"wdform-page-button\" next_checkable=\"true\" previous_title=\"Previous\" previous_type=\"text\" previous_class=\"wdform-page-button\" previous_checkable=\"false\"><div class=\"wdform_section\"><div class=\"wdform_column\"><div wdid=\"2\" class=\"wdform_row\"><div type=\"type_date_new\" class=\"wdform-field wd-width-100 wd-flex wd-flex-row fm-type_date_new\" ><div class=\"wdform-label-section wd-width-30  wd-flex-row\">    <label  for=\"wdform_2_element6\" class=\"wdform-label\">Datum<\/label><span class=\"wdform-required\">*<\/span><\/div><div class=\"wdform-element-section wd-flex  wd-flex-row wd-width-70\" style=\"max-width: 150px;\"><input class=\"wd-width-100\" autocomplete=\"off\" onchange=\"wd_validate(this)\" data-form-id=\"6\" data-wdid=\"2\" data-valid-type=\"date\" type=\"text\" id=\"wdform_2_element6\" data-value=\"today\" value=\"today\" name=\"wdform_2_element6\"   attribute=value \/><span id=\"fm-calendar-2\" class=\"dashicons dashicons-calendar-alt wd-calendar-button wd-inline-block\"><\/span><input type=\"hidden\" class=\"hidden_date\" data-format=\"mm\/dd\/yy\" data-min=\"today\" data-max=\"12\/31\/2026\" id=\"wdform_2_button6\" value=\"today\" \/><\/div><\/div><\/div><\/div><div class=\"wdform_column\"><div wdid=\"9\" class=\"wdform_row\" style=\"position: relative; left: 0px; top: 0px;\"><div type=\"type_own_select\" class=\"wdform-field wd-width-100 wd-flex wd-flex-row fm-type_own_select\" ><div class=\"wdform-label-section wd-width-30 wdform_select wd-flex-row\">    <label  for=\"wdform_9_element6\" class=\"wdform-label\">Uhrzeit<\/label><span class=\"wdform-required\">*<\/span><\/div><div class=\"wdform-element-section wd-flex wdform_select wd-flex-row wd-width-70\" style=\"max-width: 100px;\"><select class=\"wd-width-100\" id=\"wdform_9_element6\" name=\"wdform_9_element6\" ><option value=\"11:00\" selected=\"selected\">11:00<\/option><option value=\"11:30\" >11:30<\/option><option value=\"12:00\" >12:00<\/option><option value=\"12:30\" >12:30<\/option><option value=\"13:00 \" >13:00 <\/option><option value=\"13:30 \" >13:30 <\/option><option value=\"14:00 \" >14:00 <\/option><option value=\"14:30\" >14:30<\/option><option value=\"15:00\" >15:00<\/option><option value=\"15:30\" >15:30<\/option><option value=\"16:15\" >16:15<\/option><option value=\"17:00 \" >17:00 <\/option><option value=\"17:30 \" >17:30 <\/option><option value=\"18:30\" >18:30<\/option><option value=\"19:00\" >19:00<\/option><option value=\"19:30\" >19:30<\/option><option value=\"20:00\" >20:00<\/option><\/select><\/div><\/div><\/div><\/div><div class=\"wdform_column\"><div wdid=\"6\" class=\"wdform_row\" style=\"position: relative; left: 0px; top: 0px;\"><div type=\"type_own_select\" class=\"wdform-field wd-width-100 wd-flex wd-flex-row fm-type_own_select\" ><div class=\"wdform-label-section wd-width-30 wdform_select wd-flex-row\">    <label  for=\"wdform_6_element6\" class=\"wdform-label\">Anzahl Personen<\/label><span class=\"wdform-required\">*<\/span><\/div><div class=\"wdform-element-section wd-flex wdform_select wd-flex-row wd-width-70\" style=\"max-width: 200px;\"><select class=\"wd-width-100\" id=\"wdform_6_element6\" name=\"wdform_6_element6\" ><option value=\"Bitte w\u00e4hlen Sie\" selected=\"selected\">Bitte w\u00e4hlen Sie<\/option><option value=\"1\" >1<\/option><option value=\"2\" >2<\/option><option value=\"3\" >3<\/option><option value=\"4\" >4<\/option><option value=\"5\" >5<\/option><option value=\"6\" >6<\/option><option value=\"7\" >7<\/option><option value=\"8\" >8<\/option><option value=\"9\" >9<\/option><option value=\"10\" >10<\/option><option value=\"10 +\" >10 +<\/option><\/select><\/div><\/div><\/div><\/div><div class=\"wdform_column\"><div wdid=\"5\" class=\"wdform_row\" style=\"position: relative; left: 0px; top: 0px;\"><div type=\"type_name\" class=\"wdform-field wd-width-100 wd-flex wd-flex-row fm-type_name\" ><div class=\"wdform-label-section wd-width-30  wd-flex-row\">    <label  for=\"wdform_5_element_first6\" class=\"wdform-label\">Ihr Name<\/label><span class=\"wdform-required\">*<\/span><\/div><div class=\"wdform-element-section wd-flex  wd-flex-row wd-width-70\" ><div class=\"wd-flex wd-flex-column wd-width-50\"><input type=\"text\" class=\"wd-width-100\" id=\"wdform_5_element_first6\" name=\"wdform_5_element_first6\" data-value=\"\" value=\"\" title=\"\" placeholder=\"\"  attribute=value \/><label class=\"mini_label\" for=\"wdform_5_element_first6\">Vorname<\/label><\/div><div class=\"wd-flex wd-flex-column wd-name-separator\"><\/div><div class=\"wd-flex wd-flex-column wd-width-50\"><input type=\"text\" class=\"wd-width-100\" id=\"wdform_5_element_last6\" name=\"wdform_5_element_last6\" data-value=\"\" value=\"\" title=\"\" placeholder=\"\"  attribute=value \/><label class=\"mini_label\" for=\"wdform_5_element_last6\">Nachname<\/label><\/div><\/div><\/div><\/div><\/div><div class=\"wdform_column\"><div wdid=\"7\" class=\"wdform_row\" style=\"position: relative; left: 0px; top: 0px;\"><div type=\"type_submitter_mail\" class=\"wdform-field wd-width-100 wd-flex wd-flex-row fm-type_submitter_mail\" ><div class=\"wdform-label-section wd-width-30  wd-flex-row\">    <label  for=\"wdform_7_element6\" class=\"wdform-label\">Ihre E-mail<\/label><span class=\"wdform-required\">*<\/span><\/div><div class=\"wdform-element-section wd-flex  wd-flex-row wd-width-70\" ><input type=\"text\" class=\"wd-width-100\" id=\"wdform_7_element6\" name=\"wdform_7_element6\" data-value=\"\" value=\"\" title=\"\" placeholder=\"\"   onchange=\"wd_check_email('7', '6', 'This is not a valid email address.')\" \/><\/div><\/div><\/div><\/div><div class=\"wdform_column\"><div wdid=\"10\" class=\"wdform_row\" style=\"position: relative; left: 0px; top: 0px;\"><div type=\"type_own_select\" class=\"wdform-field wd-width-100 wd-flex wd-flex-row fm-type_own_select\" ><div class=\"wdform-label-section wd-width-30 wdform_select wd-flex-row\">    <label  for=\"wdform_10_element6\" class=\"wdform-label\">Ihre Wahl<\/label><span class=\"wdform-required\">*<\/span><\/div><div class=\"wdform-element-section wd-flex wdform_select wd-flex-row wd-width-70\" ><select class=\"wd-width-100\" id=\"wdform_10_element6\" name=\"wdform_10_element6\" ><option value=\"Weinprobe  | 6 Weine\" selected=\"selected\">Weinprobe  | 6 Weine<\/option><option value=\"Weinprobe  | 8 Weine\" >Weinprobe  | 8 Weine<\/option><\/select><\/div><\/div><\/div><\/div><div class=\"wdform_column\"><div wdid=\"15\" class=\"wdform_row\" style=\"position: relative; left: 0px; top: 0px;\"><div type=\"type_checkbox\" class=\"wdform-field wd-width-100 wd-flex wd-flex-row fm-type_checkbox\" ><div class=\"wdform-label-section wd-width-30  wd-flex-wrap wd-flex-column\">    <label  class=\"wdform-label\">Ihre Optionen ( Mehrfachwahl m\u00f6glich )<\/label><\/div><div class=\"wdform-element-section wd-flex  wd-flex-wrap wd-flex-column wd-width-70\" ><div class=\"wd-flex wd-flex-column\"><input type=\"hidden\" name=\"wdform_15_element6\" value=\"\" \/><div class=\"checkbox-div wd-choice wd-flex wd-flex-row\"><input type=\"checkbox\"  id=\"wdform_15_element60\" name=\"wdform_15_element60\" value=\"Kleiner Teller kretischer K\u00e4se  ( 2-3 Personen )\"    \/><label class=\"wd-align-items-center wd-flex wd-flex-row\" for=\"wdform_15_element60\"><span><\/span>Kleiner Teller kretischer K\u00e4se  ( 2-3 Personen )<\/label><\/div><div class=\"checkbox-div wd-choice wd-flex wd-flex-row\"><input type=\"checkbox\"  id=\"wdform_15_element61\" name=\"wdform_15_element61\" value=\"Gro\u00dfer Teller kretischer K\u00e4se (  4-6 Personen)\"    \/><label class=\"wd-align-items-center wd-flex wd-flex-row\" for=\"wdform_15_element61\"><span><\/span>Gro\u00dfer Teller kretischer K\u00e4se (  4-6 Personen)<\/label><\/div><div class=\"checkbox-div wd-choice wd-flex wd-flex-row\"><input type=\"checkbox\"  id=\"wdform_15_element62\" name=\"wdform_15_element62\" value=\"Kleiner Teller kretischer Aufschnitt ( 2-3 Personen)\"    \/><label class=\"wd-align-items-center wd-flex wd-flex-row\" for=\"wdform_15_element62\"><span><\/span>Kleiner Teller kretischer Aufschnitt ( 2-3 Personen)<\/label><\/div><div class=\"checkbox-div wd-choice wd-flex wd-flex-row\"><input type=\"checkbox\"  id=\"wdform_15_element63\" name=\"wdform_15_element63\" value=\"Gro\u00dfer Teller kretischer Aufschnitt ( 4-6 Personen)\"    \/><label class=\"wd-align-items-center wd-flex wd-flex-row\" for=\"wdform_15_element63\"><span><\/span>Gro\u00dfer Teller kretischer Aufschnitt ( 4-6 Personen)<\/label><\/div><\/div><\/div><\/div><\/div><\/div><div class=\"wdform_column\"><div wdid=\"1\" class=\"wdform_row\"><div type=\"type_submit_reset\" class=\"wdform-field wd-width-100 wd-flex wd-flex-column fm-type_submit_reset\" ><div class=\"wdform-element-section wd-flex  wd-flex-row wd-justify-content-left wd-width-100\" ><button  type=\"button\" class=\"button-submit\" onclick=\"fm_submit_form('6');\"  data-ajax=\"0\"><span class=\"fm-submit-loading spinner fm-ico-spinner\"><\/span>Senden<\/button><button  type=\"button\" class=\"button-reset \" onclick=\"fm_reset_form(6);\" >Zur\u00fccksetzen<\/button><\/div><\/div><\/div><\/div><\/div><div valign=\"top\" class=\"wdform_footer wd-width-100\"><div class=\"wd-width-100\"><div class=\"wd-width-100 wd-table\" style=\"padding-top:10px;\"><div class=\"wd-table-group\"><div id=\"6page_nav1\" class=\"wd-table-row\"><\/div><\/div><\/div><\/div><\/div><\/div><\/div><div class=\"wdform_preload\"><\/div><input type=\"hidden\" name=\"fm-current-page\" value=\"https:\/\/kladoswinery.gr\/deutsch\/wp-json\/wp\/v2\/pages\/238\" \/><\/form><\/div>\n\n\n\n<p class=\"has-text-align-center\" style=\"font-size:16px\"><br>Wir senden Ihnen umgehend eine Best\u00e4tigung an Ihre E-Mail-Adresse.<\/p>\n<\/div>\n<\/div>\n\n\n\n<p><\/p>\n","protected":false},"excerpt":{"rendered":"<p>Wein &amp; K\u00e4se &amp; Aufschnitt Bei Ihrem Besuch in unserem Weingut f\u00fchren wir Sie durch den Weinberg, die Produktion und unseren Weinkeller.Daran anschlie\u00dfend eine einzigartigen Weinprobe begleitet von au\u00dfergew\u00f6hnlichen kretischen K\u00e4sesorten und\/oder kretischem Aufschnitt. Kosten:6 Weinproben: 15,00 \u20ac pro Person8 Weinproben: 19,00 \u20ac pro PersonKleiner Teller kretischer K\u00e4se (2-3 Personen) \u20ac 14,50Gro\u00dfer Teller kretischer K\u00e4se&hellip;&nbsp;<a href=\"https:\/\/kladoswinery.gr\/deutsch\/wine-cheese-pairing\/\" rel=\"bookmark\">Weiterlesen &raquo;<span class=\"screen-reader-text\">Wine &amp; Cheese &amp; Cold cuts<\/span><\/a><\/p>\n","protected":false},"author":1,"featured_media":1387,"parent":0,"menu_order":0,"comment_status":"closed","ping_status":"closed","template":"","meta":{"neve_meta_sidebar":"full-width","neve_meta_container":"full-width","neve_meta_enable_content_width":"off","neve_meta_content_width":100,"neve_meta_title_alignment":"center","neve_meta_author_avatar":"","neve_post_elements_order":"","neve_meta_disable_header":"off","neve_meta_disable_footer":"","neve_meta_disable_title":"on","footnotes":""},"class_list":["post-238","page","type-page","status-publish","has-post-thumbnail","hentry"],"_links":{"self":[{"href":"https:\/\/kladoswinery.gr\/deutsch\/wp-json\/wp\/v2\/pages\/238","targetHints":{"allow":["GET"]}}],"collection":[{"href":"https:\/\/kladoswinery.gr\/deutsch\/wp-json\/wp\/v2\/pages"}],"about":[{"href":"https:\/\/kladoswinery.gr\/deutsch\/wp-json\/wp\/v2\/types\/page"}],"author":[{"embeddable":true,"href":"https:\/\/kladoswinery.gr\/deutsch\/wp-json\/wp\/v2\/users\/1"}],"replies":[{"embeddable":true,"href":"https:\/\/kladoswinery.gr\/deutsch\/wp-json\/wp\/v2\/comments?post=238"}],"version-history":[{"count":150,"href":"https:\/\/kladoswinery.gr\/deutsch\/wp-json\/wp\/v2\/pages\/238\/revisions"}],"predecessor-version":[{"id":2797,"href":"https:\/\/kladoswinery.gr\/deutsch\/wp-json\/wp\/v2\/pages\/238\/revisions\/2797"}],"wp:featuredmedia":[{"embeddable":true,"href":"https:\/\/kladoswinery.gr\/deutsch\/wp-json\/wp\/v2\/media\/1387"}],"wp:attachment":[{"href":"https:\/\/kladoswinery.gr\/deutsch\/wp-json\/wp\/v2\/media?parent=238"}],"curies":[{"name":"wp","href":"https:\/\/api.w.org\/{rel}","templated":true}]}}