{"id":248,"date":"2022-11-20T08:05:25","date_gmt":"2022-11-20T08:05:25","guid":{"rendered":"https:\/\/kladoswinery.gr\/deutsch\/?page_id=248"},"modified":"2023-02-05T19:22:25","modified_gmt":"2023-02-05T17:22:25","slug":"about-us","status":"publish","type":"page","link":"https:\/\/kladoswinery.gr\/deutsch\/about-us\/","title":{"rendered":"About Us"},"content":{"rendered":"\n<figure class=\"wp-block-image alignfull size-large\"><img loading=\"lazy\" decoding=\"async\" width=\"1024\" height=\"453\" src=\"https:\/\/kladoswinery.gr\/deutsch\/wp-content\/uploads\/2022\/11\/klados_terroir_2-1024x453.jpg\" alt=\"\" class=\"wp-image-853\" srcset=\"https:\/\/kladoswinery.gr\/deutsch\/wp-content\/uploads\/2022\/11\/klados_terroir_2-1024x453.jpg 1024w, https:\/\/kladoswinery.gr\/deutsch\/wp-content\/uploads\/2022\/11\/klados_terroir_2-300x133.jpg 300w, https:\/\/kladoswinery.gr\/deutsch\/wp-content\/uploads\/2022\/11\/klados_terroir_2-768x340.jpg 768w, https:\/\/kladoswinery.gr\/deutsch\/wp-content\/uploads\/2022\/11\/klados_terroir_2-1536x680.jpg 1536w, https:\/\/kladoswinery.gr\/deutsch\/wp-content\/uploads\/2022\/11\/klados_terroir_2-500x221.jpg 500w, https:\/\/kladoswinery.gr\/deutsch\/wp-content\/uploads\/2022\/11\/klados_terroir_2-800x354.jpg 800w, https:\/\/kladoswinery.gr\/deutsch\/wp-content\/uploads\/2022\/11\/klados_terroir_2-1280x567.jpg 1280w, https:\/\/kladoswinery.gr\/deutsch\/wp-content\/uploads\/2022\/11\/klados_terroir_2.jpg 1920w\" sizes=\"auto, (max-width: 1024px) 100vw, 1024px\" \/><\/figure>\n\n\n\n<div style=\"height:50px\" aria-hidden=\"true\" class=\"wp-block-spacer\"><\/div>\n\n\n\n<div class=\"wp-block-columns is-layout-flex wp-container-core-columns-is-layout-9d6595d7 wp-block-columns-is-layout-flex\">\n<div class=\"wp-block-column is-vertically-aligned-center is-layout-flow wp-block-column-is-layout-flow\">\n<h3 class=\"wp-block-heading\" style=\"letter-spacing:11px\">Das Weingut<\/h3>\n\n\n\n<p>Das Weingut KLADOS ist ein Familienunternehmen, gegr\u00fcndet 1997 vom Chemiker und \u00d6nologen Emmanuel Klados.<br>Die urspr\u00fcngliche Anlage war ein kleines Geb\u00e4ude in der Gemeinde Rethymnon und hatte eine Produktion von <br>etwa 20.000 Liter Wein pro Jahr.<br>Die Produktion stieg jedes Jahr stetig und im Jahr 2000 wurden die ersten Schritte in der Flaschenabf\u00fcllung mit einer lokalen Weinsorte namens <a rel=\"noreferrer noopener\" href=\"https:\/\/kladoswinery.gr\/deutsch\/?page_id=227\" data-type=\"page\" data-id=\"227\" target=\"_blank\">Vidiano<\/a> gemacht.<br>Wir sind eines der ersten Weing\u00fcter, das versucht hat, diese besondere und seltene Sorte hervorzuheben.<\/p>\n<\/div>\n\n\n\n<div class=\"wp-block-column is-vertically-aligned-top is-layout-flow wp-block-column-is-layout-flow\">\n<figure class=\"wp-block-image size-full\"><img loading=\"lazy\" decoding=\"async\" width=\"1024\" height=\"1024\" src=\"https:\/\/kladoswinery.gr\/deutsch\/wp-content\/uploads\/2022\/11\/klados_winery_out_2.jpg\" alt=\"\" class=\"wp-image-864\" srcset=\"https:\/\/kladoswinery.gr\/deutsch\/wp-content\/uploads\/2022\/11\/klados_winery_out_2.jpg 1024w, https:\/\/kladoswinery.gr\/deutsch\/wp-content\/uploads\/2022\/11\/klados_winery_out_2-300x300.jpg 300w, https:\/\/kladoswinery.gr\/deutsch\/wp-content\/uploads\/2022\/11\/klados_winery_out_2-150x150.jpg 150w, https:\/\/kladoswinery.gr\/deutsch\/wp-content\/uploads\/2022\/11\/klados_winery_out_2-768x768.jpg 768w, https:\/\/kladoswinery.gr\/deutsch\/wp-content\/uploads\/2022\/11\/klados_winery_out_2-500x500.jpg 500w, https:\/\/kladoswinery.gr\/deutsch\/wp-content\/uploads\/2022\/11\/klados_winery_out_2-800x800.jpg 800w\" sizes=\"auto, (max-width: 1024px) 100vw, 1024px\" \/><\/figure>\n<\/div>\n<\/div>\n\n\n\n<div class=\"wp-block-columns is-layout-flex wp-container-core-columns-is-layout-9d6595d7 wp-block-columns-is-layout-flex\">\n<div class=\"wp-block-column is-layout-flow wp-block-column-is-layout-flow\">\n<figure class=\"wp-block-image size-full\"><img loading=\"lazy\" decoding=\"async\" width=\"1024\" height=\"1024\" src=\"https:\/\/kladoswinery.gr\/deutsch\/wp-content\/uploads\/2022\/12\/klados_winery_terroir-1.jpg\" alt=\"Klados vineyard\" class=\"wp-image-1349\" srcset=\"https:\/\/kladoswinery.gr\/deutsch\/wp-content\/uploads\/2022\/12\/klados_winery_terroir-1.jpg 1024w, https:\/\/kladoswinery.gr\/deutsch\/wp-content\/uploads\/2022\/12\/klados_winery_terroir-1-300x300.jpg 300w, https:\/\/kladoswinery.gr\/deutsch\/wp-content\/uploads\/2022\/12\/klados_winery_terroir-1-150x150.jpg 150w, https:\/\/kladoswinery.gr\/deutsch\/wp-content\/uploads\/2022\/12\/klados_winery_terroir-1-768x768.jpg 768w, https:\/\/kladoswinery.gr\/deutsch\/wp-content\/uploads\/2022\/12\/klados_winery_terroir-1-500x500.jpg 500w, https:\/\/kladoswinery.gr\/deutsch\/wp-content\/uploads\/2022\/12\/klados_winery_terroir-1-800x800.jpg 800w\" sizes=\"auto, (max-width: 1024px) 100vw, 1024px\" \/><\/figure>\n<\/div>\n\n\n\n<div class=\"wp-block-column is-vertically-aligned-center is-layout-flow wp-block-column-is-layout-flow\">\n<p>Im Jahr 2007 zog das Weingut nach Skepasti \u2013 Rethymno in ein modernes Geb\u00e4ude von 700 Quadratmetern. <br>Die Ausstattung wurde mit Hightech-Maschinen f\u00fcr die Produktion und Abf\u00fcllung erheblich erweitert.<br>Im Jahr 2012 verbesserte das Weingut seine Energieeffizienz durch die Installation von Photovoltaikmodulen.<br>Seit 2013 sind wir von einem Weinberg umgeben, auf dem die lokale wei\u00dfe Sorte <a href=\"https:\/\/kladoswinery.gr\/deutsch\/?page_id=227\" data-type=\"page\" data-id=\"227\" target=\"_blank\" rel=\"noreferrer noopener\">Vidiano<\/a> gem\u00e4\u00df den biologischen Standards von BIO angebaut wird.<\/p>\n<\/div>\n<\/div>\n\n\n\n<div class=\"wp-block-columns are-vertically-aligned-center is-layout-flex wp-container-core-columns-is-layout-9d6595d7 wp-block-columns-is-layout-flex\">\n<div class=\"wp-block-column is-vertically-aligned-center is-layout-flow wp-block-column-is-layout-flow\">\n<p>2014 wurde der Betrieb an die n\u00e4chste Generation \u00fcbergeben.<\/p>\n\n\n\n<p>Stelios Klados, der mit dem Weingut aufgewachsen ist, ist Absolvent der Fakult\u00e4t f\u00fcr Chemie der Universit\u00e4t Kreta. Zudem hat er seinen Master-Abschluss in \u00d6nologie und Marketing an der Universit\u00e4t Piacenza in Italien erworben und danach sein Studium mit einem weiteren Master-Abschluss in \u00d6nologie an der Landwirtschaftlichen Universit\u00e4t Athen abgeschlossen.<\/p>\n\n\n\n<p>Das Weingut ist seit 2015 besuchbar.<br><br>Im Jahr 2020 wurden neue Ger\u00e4te angeschafft und die Kellereianlagen modernisiert.<\/p>\n<\/div>\n\n\n\n<div class=\"wp-block-column is-vertically-aligned-center is-layout-flow wp-block-column-is-layout-flow\">\n<figure class=\"wp-block-image size-full\"><img loading=\"lazy\" decoding=\"async\" width=\"1024\" height=\"1024\" src=\"https:\/\/kladoswinery.gr\/deutsch\/wp-content\/uploads\/2023\/01\/klados_winery_tech.jpg\" alt=\"\" class=\"wp-image-1662\" srcset=\"https:\/\/kladoswinery.gr\/deutsch\/wp-content\/uploads\/2023\/01\/klados_winery_tech.jpg 1024w, https:\/\/kladoswinery.gr\/deutsch\/wp-content\/uploads\/2023\/01\/klados_winery_tech-300x300.jpg 300w, https:\/\/kladoswinery.gr\/deutsch\/wp-content\/uploads\/2023\/01\/klados_winery_tech-150x150.jpg 150w, https:\/\/kladoswinery.gr\/deutsch\/wp-content\/uploads\/2023\/01\/klados_winery_tech-768x768.jpg 768w, https:\/\/kladoswinery.gr\/deutsch\/wp-content\/uploads\/2023\/01\/klados_winery_tech-500x500.jpg 500w, https:\/\/kladoswinery.gr\/deutsch\/wp-content\/uploads\/2023\/01\/klados_winery_tech-800x800.jpg 800w\" sizes=\"auto, (max-width: 1024px) 100vw, 1024px\" \/><\/figure>\n<\/div>\n<\/div>\n\n\n\n<div class=\"wp-block-columns is-layout-flex wp-container-core-columns-is-layout-9d6595d7 wp-block-columns-is-layout-flex\">\n<div class=\"wp-block-column is-vertically-aligned-center is-layout-flow wp-block-column-is-layout-flow\">\n<div class=\"wp-block-columns is-layout-flex wp-container-core-columns-is-layout-9d6595d7 wp-block-columns-is-layout-flex\">\n<div class=\"wp-block-column is-layout-flow wp-block-column-is-layout-flow\">\n<figure class=\"wp-block-image size-full\"><img loading=\"lazy\" decoding=\"async\" width=\"1024\" height=\"1024\" src=\"https:\/\/kladoswinery.gr\/deutsch\/wp-content\/uploads\/2023\/01\/klados_winery_barrels.jpg\" alt=\"\" class=\"wp-image-1661\" srcset=\"https:\/\/kladoswinery.gr\/deutsch\/wp-content\/uploads\/2023\/01\/klados_winery_barrels.jpg 1024w, https:\/\/kladoswinery.gr\/deutsch\/wp-content\/uploads\/2023\/01\/klados_winery_barrels-300x300.jpg 300w, https:\/\/kladoswinery.gr\/deutsch\/wp-content\/uploads\/2023\/01\/klados_winery_barrels-150x150.jpg 150w, https:\/\/kladoswinery.gr\/deutsch\/wp-content\/uploads\/2023\/01\/klados_winery_barrels-768x768.jpg 768w, https:\/\/kladoswinery.gr\/deutsch\/wp-content\/uploads\/2023\/01\/klados_winery_barrels-500x500.jpg 500w, https:\/\/kladoswinery.gr\/deutsch\/wp-content\/uploads\/2023\/01\/klados_winery_barrels-800x800.jpg 800w\" sizes=\"auto, (max-width: 1024px) 100vw, 1024px\" \/><\/figure>\n<\/div>\n\n\n\n<div class=\"wp-block-column is-vertically-aligned-center is-layout-flow wp-block-column-is-layout-flow\">\n<p>Heute werden j\u00e4hrlich etwa 100.000 Liter Wein hergestellt.<\/p>\n\n\n\n<p>Wir produzieren hochwertige Rotweinsorten wie <a rel=\"noreferrer noopener\" href=\"https:\/\/kladoswinery.gr\/deutsch\/?page_id=178\" data-type=\"page\" data-id=\"178\" target=\"_blank\">Kotsifali<\/a>, <a rel=\"noreferrer noopener\" href=\"https:\/\/kladoswinery.gr\/deutsch\/?page_id=232\" data-type=\"page\" data-id=\"232\" target=\"_blank\">Liatiko<\/a> und <a rel=\"noreferrer noopener\" href=\"https:\/\/kladoswinery.gr\/deutsch\/?page_id=232\" data-type=\"page\" data-id=\"232\" target=\"_blank\">Cabernet Sauvignon<\/a> sowie Wei\u00dfweinsorten wie <a href=\"https:\/\/kladoswinery.gr\/deutsch\/?page_id=227\" data-type=\"page\" data-id=\"227\">Vidiano<\/a>, <a href=\"https:\/\/kladoswinery.gr\/deutsch\/?page_id=217\" data-type=\"page\" data-id=\"217\" target=\"_blank\" rel=\"noreferrer noopener\">Muscat of Spina<\/a> und <a href=\"https:\/\/kladoswinery.gr\/deutsch\/?page_id=230\" data-type=\"page\" data-id=\"230\" target=\"_blank\" rel=\"noreferrer noopener\">Sauvignon Blanc<\/a>.<\/p>\n<\/div>\n<\/div>\n<\/div>\n<\/div>\n","protected":false},"excerpt":{"rendered":"<p>Das Weingut Das Weingut KLADOS ist ein Familienunternehmen, gegr\u00fcndet 1997 vom Chemiker und \u00d6nologen Emmanuel Klados.Die urspr\u00fcngliche Anlage war ein kleines Geb\u00e4ude in der Gemeinde Rethymnon und hatte eine Produktion von etwa 20.000 Liter Wein pro Jahr.Die Produktion stieg jedes Jahr stetig und im Jahr 2000 wurden die ersten Schritte in der Flaschenabf\u00fcllung mit einer&hellip;&nbsp;<a href=\"https:\/\/kladoswinery.gr\/deutsch\/about-us\/\" rel=\"bookmark\">Weiterlesen &raquo;<span class=\"screen-reader-text\">About Us<\/span><\/a><\/p>\n","protected":false},"author":1,"featured_media":0,"parent":0,"menu_order":0,"comment_status":"closed","ping_status":"closed","template":"","meta":{"neve_meta_sidebar":"","neve_meta_container":"","neve_meta_enable_content_width":"","neve_meta_content_width":0,"neve_meta_title_alignment":"","neve_meta_author_avatar":"","neve_post_elements_order":"","neve_meta_disable_header":"","neve_meta_disable_footer":"","neve_meta_disable_title":"on","footnotes":""},"class_list":["post-248","page","type-page","status-publish","hentry"],"_links":{"self":[{"href":"https:\/\/kladoswinery.gr\/deutsch\/wp-json\/wp\/v2\/pages\/248","targetHints":{"allow":["GET"]}}],"collection":[{"href":"https:\/\/kladoswinery.gr\/deutsch\/wp-json\/wp\/v2\/pages"}],"about":[{"href":"https:\/\/kladoswinery.gr\/deutsch\/wp-json\/wp\/v2\/types\/page"}],"author":[{"embeddable":true,"href":"https:\/\/kladoswinery.gr\/deutsch\/wp-json\/wp\/v2\/users\/1"}],"replies":[{"embeddable":true,"href":"https:\/\/kladoswinery.gr\/deutsch\/wp-json\/wp\/v2\/comments?post=248"}],"version-history":[{"count":69,"href":"https:\/\/kladoswinery.gr\/deutsch\/wp-json\/wp\/v2\/pages\/248\/revisions"}],"predecessor-version":[{"id":1959,"href":"https:\/\/kladoswinery.gr\/deutsch\/wp-json\/wp\/v2\/pages\/248\/revisions\/1959"}],"wp:attachment":[{"href":"https:\/\/kladoswinery.gr\/deutsch\/wp-json\/wp\/v2\/media?parent=248"}],"curies":[{"name":"wp","href":"https:\/\/api.w.org\/{rel}","templated":true}]}}